{"id":713,"date":"2024-04-26T18:28:46","date_gmt":"2024-04-27T00:28:46","guid":{"rendered":"https:\/\/shop.mktrealit.com\/?post_type=product&#038;p=713"},"modified":"2024-05-02T22:26:53","modified_gmt":"2024-05-03T04:26:53","slug":"jabon-de-romero","status":"publish","type":"product","link":"https:\/\/shop.mktrealit.com\/?product=jabon-de-romero","title":{"rendered":"Jab\u00f3n de romero"},"content":{"rendered":"<p>Despierta tus sentidos con nuestro jab\u00f3n natural de romero. Infundido con aceite esencial de romero, este jab\u00f3n ofrece una experiencia de ba\u00f1o refrescante que revitaliza y purifica la piel. El romero, conocido por sus propiedades estimulantes y antioxidantes, limpia profundamente los poros y deja la piel radiante y rejuvenecida. Con cada uso, el aroma estimulante del romero te envuelve, proporcionando una sensaci\u00f3n de frescura y vitalidad. Disfruta de la limpieza profunda y la revitalizaci\u00f3n que ofrece nuestro jab\u00f3n de romero, la elecci\u00f3n perfecta para una piel limpia, fresca y radiante.<\/p>\n","protected":false},"excerpt":{"rendered":"<p>Refresca tu piel y despierta tus sentidos con nuestro jab\u00f3n de romero. Experimenta la revitalizaci\u00f3n y limpieza profunda que ofrece el romero para una piel radiante.<\/p>\n","protected":false},"featured_media":714,"comment_status":"open","ping_status":"closed","template":"","meta":[],"product_cat":[23,22],"product_tag":[],"class_list":{"0":"post-713","1":"product","2":"type-product","3":"status-publish","4":"has-post-thumbnail","6":"product_cat-corporal","7":"product_cat-jabon","9":"first","10":"instock","11":"taxable","12":"shipping-taxable","13":"purchasable","14":"product-type-simple"},"featured_image_urls":{"full":["https:\/\/shop.mktrealit.com\/wp-content\/uploads\/2024\/04\/download-8.jpg",512,512,false],"thumbnail":["https:\/\/shop.mktrealit.com\/wp-content\/uploads\/2024\/04\/download-8-150x150.jpg",150,150,true],"medium":["https:\/\/shop.mktrealit.com\/wp-content\/uploads\/2024\/04\/download-8-300x300.jpg",300,300,true],"medium_large":["https:\/\/shop.mktrealit.com\/wp-content\/uploads\/2024\/04\/download-8.jpg",512,512,false],"large":["https:\/\/shop.mktrealit.com\/wp-content\/uploads\/2024\/04\/download-8.jpg",512,512,false],"1536x1536":["https:\/\/shop.mktrealit.com\/wp-content\/uploads\/2024\/04\/download-8.jpg",512,512,false],"2048x2048":["https:\/\/shop.mktrealit.com\/wp-content\/uploads\/2024\/04\/download-8.jpg",512,512,false],"woocommerce_archive_thumbnail":["https:\/\/shop.mktrealit.com\/wp-content\/uploads\/2024\/04\/download-8-300x300.jpg",300,300,true],"woocommerce_thumbnail":["https:\/\/shop.mktrealit.com\/wp-content\/uploads\/2024\/04\/download-8-300x300.jpg",300,300,true],"woocommerce_single":["https:\/\/shop.mktrealit.com\/wp-content\/uploads\/2024\/04\/download-8.jpg",512,512,false],"woocommerce_gallery_thumbnail":["https:\/\/shop.mktrealit.com\/wp-content\/uploads\/2024\/04\/download-8-100x100.jpg",100,100,true]},"post_excerpt_stackable":"<p>Refresca tu piel y despierta tus sentidos con nuestro jab\u00f3n de romero. Experimenta la revitalizaci\u00f3n y limpieza profunda que ofrece el romero para una piel radiante.<\/p>\n","category_list":"","author_info":{"name":"","url":""},"comments_num":"0 comentarios","_links":{"self":[{"href":"https:\/\/shop.mktrealit.com\/index.php?rest_route=\/wp\/v2\/product\/713","targetHints":{"allow":["GET"]}}],"collection":[{"href":"https:\/\/shop.mktrealit.com\/index.php?rest_route=\/wp\/v2\/product"}],"about":[{"href":"https:\/\/shop.mktrealit.com\/index.php?rest_route=\/wp\/v2\/types\/product"}],"replies":[{"embeddable":true,"href":"https:\/\/shop.mktrealit.com\/index.php?rest_route=%2Fwp%2Fv2%2Fcomments&post=713"}],"wp:featuredmedia":[{"embeddable":true,"href":"https:\/\/shop.mktrealit.com\/index.php?rest_route=\/wp\/v2\/media\/714"}],"wp:attachment":[{"href":"https:\/\/shop.mktrealit.com\/index.php?rest_route=%2Fwp%2Fv2%2Fmedia&parent=713"}],"wp:term":[{"taxonomy":"product_cat","embeddable":true,"href":"https:\/\/shop.mktrealit.com\/index.php?rest_route=%2Fwp%2Fv2%2Fproduct_cat&post=713"},{"taxonomy":"product_tag","embeddable":true,"href":"https:\/\/shop.mktrealit.com\/index.php?rest_route=%2Fwp%2Fv2%2Fproduct_tag&post=713"}],"curies":[{"name":"wp","href":"https:\/\/api.w.org\/{rel}","templated":true}]}}