{"id":617,"date":"2024-04-24T21:28:38","date_gmt":"2024-04-25T03:28:38","guid":{"rendered":"https:\/\/shop.mktrealit.com\/?post_type=product&#038;p=617"},"modified":"2024-05-02T22:28:35","modified_gmt":"2024-05-03T04:28:35","slug":"jaabon-avena-con-miel","status":"publish","type":"product","link":"https:\/\/shop.mktrealit.com\/?product=jaabon-avena-con-miel","title":{"rendered":"Jaabon Avena con Miel"},"content":{"rendered":"<p>Nuestro jab\u00f3n corporal de avena con miel es la elecci\u00f3n perfecta para aquellos que buscan una limpieza suave y efectiva junto con el cuidado natural de la piel. Cada barra est\u00e1 cuidadosamente elaborada con avena molida finamente, conocida por sus propiedades exfoliantes y calmantes, y miel pura, que ofrece beneficios hidratantes, antioxidantes y antibacterianos.<\/p>\n<p>Con un peso de 65 gramos por barra, este jab\u00f3n es ideal para el uso diario en la ducha o el ba\u00f1o. La avena ayuda a exfoliar suavemente la piel, eliminando las c\u00e9lulas muertas y dejando una sensaci\u00f3n de suavidad y renovaci\u00f3n. La miel, rica en vitaminas y minerales, ayuda a retener la humedad natural de la piel, dej\u00e1ndola hidratada y nutrida.<\/p>\n<p>Adem\u00e1s de limpiar la piel, nuestro jab\u00f3n de avena con miel tambi\u00e9n proporciona beneficios adicionales para el cuidado de la piel. La miel act\u00faa como un antioxidante natural, ayudando a proteger la piel del da\u00f1o causado por los radicales libres, mientras que la avena calma y alivia la piel irritada o sensible.<\/p>\n<p>D\u00e9jate envolver por la suave fragancia de la miel y la sensaci\u00f3n reconfortante de la avena en cada uso. Descubre el poder de la naturaleza para una piel radiante y saludable con nuestro jab\u00f3n corporal de avena con miel.<\/p>\n","protected":false},"excerpt":{"rendered":"<p>Disfruta de una piel suave y radiante con nuestro jab\u00f3n corporal de avena con miel. La combinaci\u00f3n de ingredientes naturales y nutritivos deja tu piel limpia, hidratada y delicadamente perfumada.<\/p>\n","protected":false},"featured_media":627,"comment_status":"open","ping_status":"closed","template":"","meta":[],"product_cat":[23,22],"product_tag":[],"class_list":{"0":"post-617","1":"product","2":"type-product","3":"status-publish","4":"has-post-thumbnail","6":"product_cat-corporal","7":"product_cat-jabon","9":"first","10":"instock","11":"sale","12":"taxable","13":"shipping-taxable","14":"purchasable","15":"product-type-simple"},"featured_image_urls":{"full":["https:\/\/shop.mktrealit.com\/wp-content\/uploads\/2024\/04\/avena_bco-scaled.jpeg",2560,2532,false],"thumbnail":["https:\/\/shop.mktrealit.com\/wp-content\/uploads\/2024\/04\/avena_bco-150x150.jpeg",150,150,true],"medium":["https:\/\/shop.mktrealit.com\/wp-content\/uploads\/2024\/04\/avena_bco-300x297.jpeg",300,297,true],"medium_large":["https:\/\/shop.mktrealit.com\/wp-content\/uploads\/2024\/04\/avena_bco-768x760.jpeg",768,760,true],"large":["https:\/\/shop.mktrealit.com\/wp-content\/uploads\/2024\/04\/avena_bco-1024x1013.jpeg",1024,1013,true],"1536x1536":["https:\/\/shop.mktrealit.com\/wp-content\/uploads\/2024\/04\/avena_bco-1536x1519.jpeg",1536,1519,true],"2048x2048":["https:\/\/shop.mktrealit.com\/wp-content\/uploads\/2024\/04\/avena_bco-2048x2026.jpeg",2048,2026,true],"woocommerce_archive_thumbnail":["https:\/\/shop.mktrealit.com\/wp-content\/uploads\/2024\/04\/avena_bco-300x297.jpeg",300,297,true],"woocommerce_thumbnail":["https:\/\/shop.mktrealit.com\/wp-content\/uploads\/2024\/04\/avena_bco-300x300.jpeg",300,300,true],"woocommerce_single":["https:\/\/shop.mktrealit.com\/wp-content\/uploads\/2024\/04\/avena_bco-600x594.jpeg",600,594,true],"woocommerce_gallery_thumbnail":["https:\/\/shop.mktrealit.com\/wp-content\/uploads\/2024\/04\/avena_bco-100x100.jpeg",100,100,true]},"post_excerpt_stackable":"<p>Disfruta de una piel suave y radiante con nuestro jab\u00f3n corporal de avena con miel. La combinaci\u00f3n de ingredientes naturales y nutritivos deja tu piel limpia, hidratada y delicadamente perfumada.<\/p>\n","category_list":"","author_info":{"name":"","url":""},"comments_num":"0 comentarios","_links":{"self":[{"href":"https:\/\/shop.mktrealit.com\/index.php?rest_route=\/wp\/v2\/product\/617","targetHints":{"allow":["GET"]}}],"collection":[{"href":"https:\/\/shop.mktrealit.com\/index.php?rest_route=\/wp\/v2\/product"}],"about":[{"href":"https:\/\/shop.mktrealit.com\/index.php?rest_route=\/wp\/v2\/types\/product"}],"replies":[{"embeddable":true,"href":"https:\/\/shop.mktrealit.com\/index.php?rest_route=%2Fwp%2Fv2%2Fcomments&post=617"}],"wp:featuredmedia":[{"embeddable":true,"href":"https:\/\/shop.mktrealit.com\/index.php?rest_route=\/wp\/v2\/media\/627"}],"wp:attachment":[{"href":"https:\/\/shop.mktrealit.com\/index.php?rest_route=%2Fwp%2Fv2%2Fmedia&parent=617"}],"wp:term":[{"taxonomy":"product_cat","embeddable":true,"href":"https:\/\/shop.mktrealit.com\/index.php?rest_route=%2Fwp%2Fv2%2Fproduct_cat&post=617"},{"taxonomy":"product_tag","embeddable":true,"href":"https:\/\/shop.mktrealit.com\/index.php?rest_route=%2Fwp%2Fv2%2Fproduct_tag&post=617"}],"curies":[{"name":"wp","href":"https:\/\/api.w.org\/{rel}","templated":true}]}}